{"id":42721,"date":"2023-09-14T16:16:34","date_gmt":"2023-09-14T14:16:34","guid":{"rendered":"https:\/\/www.theswisspeak.ch\/?page_id=42721"},"modified":"2025-11-27T14:38:58","modified_gmt":"2025-11-27T13:38:58","slug":"cookie-policy","status":"publish","type":"page","link":"https:\/\/www.theswisspeak.ch\/en\/cookie-policy\/","title":{"rendered":"Cookie Policy"},"content":{"rendered":"\t\t<div data-elementor-type=\"wp-page\" data-elementor-id=\"42721\" class=\"elementor elementor-42721\" data-elementor-settings=\"{&quot;element_pack_global_tooltip_width&quot;:{&quot;unit&quot;:&quot;px&quot;,&quot;size&quot;:&quot;&quot;,&quot;sizes&quot;:[]},&quot;element_pack_global_tooltip_width_tablet&quot;:{&quot;unit&quot;:&quot;px&quot;,&quot;size&quot;:&quot;&quot;,&quot;sizes&quot;:[]},&quot;element_pack_global_tooltip_width_mobile&quot;:{&quot;unit&quot;:&quot;px&quot;,&quot;size&quot;:&quot;&quot;,&quot;sizes&quot;:[]},&quot;element_pack_global_tooltip_padding&quot;:{&quot;unit&quot;:&quot;px&quot;,&quot;top&quot;:&quot;&quot;,&quot;right&quot;:&quot;&quot;,&quot;bottom&quot;:&quot;&quot;,&quot;left&quot;:&quot;&quot;,&quot;isLinked&quot;:true},&quot;element_pack_global_tooltip_padding_tablet&quot;:{&quot;unit&quot;:&quot;px&quot;,&quot;top&quot;:&quot;&quot;,&quot;right&quot;:&quot;&quot;,&quot;bottom&quot;:&quot;&quot;,&quot;left&quot;:&quot;&quot;,&quot;isLinked&quot;:true},&quot;element_pack_global_tooltip_padding_mobile&quot;:{&quot;unit&quot;:&quot;px&quot;,&quot;top&quot;:&quot;&quot;,&quot;right&quot;:&quot;&quot;,&quot;bottom&quot;:&quot;&quot;,&quot;left&quot;:&quot;&quot;,&quot;isLinked&quot;:true},&quot;element_pack_global_tooltip_border_radius&quot;:{&quot;unit&quot;:&quot;px&quot;,&quot;top&quot;:&quot;&quot;,&quot;right&quot;:&quot;&quot;,&quot;bottom&quot;:&quot;&quot;,&quot;left&quot;:&quot;&quot;,&quot;isLinked&quot;:true},&quot;element_pack_global_tooltip_border_radius_tablet&quot;:{&quot;unit&quot;:&quot;px&quot;,&quot;top&quot;:&quot;&quot;,&quot;right&quot;:&quot;&quot;,&quot;bottom&quot;:&quot;&quot;,&quot;left&quot;:&quot;&quot;,&quot;isLinked&quot;:true},&quot;element_pack_global_tooltip_border_radius_mobile&quot;:{&quot;unit&quot;:&quot;px&quot;,&quot;top&quot;:&quot;&quot;,&quot;right&quot;:&quot;&quot;,&quot;bottom&quot;:&quot;&quot;,&quot;left&quot;:&quot;&quot;,&quot;isLinked&quot;:true}}\" data-elementor-post-type=\"page\">\n\t\t\t\t\t\t<section class=\"elementor-section elementor-top-section elementor-element elementor-element-43f0573e elementor-hidden-tablet elementor-hidden-mobile elementor-section-boxed elementor-section-height-default elementor-section-height-default\" data-id=\"43f0573e\" data-element_type=\"section\">\n\t\t\t\t\t\t<div class=\"elementor-container elementor-column-gap-default\">\n\t\t\t\t\t<div class=\"elementor-column elementor-col-100 elementor-top-column elementor-element elementor-element-6c6b18b6\" data-id=\"6c6b18b6\" data-element_type=\"column\">\n\t\t\t<div class=\"elementor-widget-wrap elementor-element-populated\">\n\t\t\t\t\t\t<div class=\"elementor-element elementor-element-18fb58d1 elementor-widget elementor-widget-text-editor\" data-id=\"18fb58d1\" data-element_type=\"widget\" data-widget_type=\"text-editor.default\">\n\t\t\t\t<div class=\"elementor-widget-container\">\n\t\t\t\t\t\t\t\t\t<div class=\"cli_pg_page_contaner\"><br \/><p>Effective Date: 17-November-2025<\/p><h4>What are cookies?<\/h4><p>This Cookie Policy explains what cookies are and how we use them, the types of cookies we use i.e, the information we collect using cookies and how that information is used, and how to manage the cookie settings.<\/p><p>Cookies are small text files that are used to store small pieces of information. They are stored on your device when the website is loaded on your browser.These cookies help us make the website function properly, make it more secure, provide better user experience, and understand how the website performs and to analyze what works and where it needs improvement.<\/p><p>\u00a0<\/p><h4>How do we use cookies?<\/h4><p>As most of the online services, our website uses first-party and third-party cookies for several purposes. First-party cookies are mostly necessary for the website to function the right way, and they do not collect any of your personally identifiable data.<\/p><p>The third-party cookies used on our website are mainly for understanding how the website performs, how you interact with our website, keeping our services secure, providing advertisements that are relevant to you, and all in all providing you with a better and improved user experience and help speed up your future interactions with our website.<\/p><p>[wcc_category_list]<\/p><p>\u00a0<\/p><h4>Manage cookie preferences<\/h4><p>You can change your cookie preferences any time by clicking the [wcc_preference_button] button. This will let you revisit the cookie consent banner and change your preferences or withdraw your consent right away. In addition to this, different browsers provide different methods to block and delete cookies used by websites. You can change the settings of your browser to block\/delete the cookies. Listed below are the links to the support documents on how to manage and delete cookies from the major web browsers.<\/p><p>Chrome: <a href=\"https:\/\/support.google.com\/accounts\/answer\/32050\"> https:\/\/support.google.com\/accounts\/answer\/32050<\/a><\/p><p>Safari: <a href=\"https:\/\/support.apple.com\/en-in\/guide\/safari\/sfri11471\/mac\">https:\/\/support.apple.com\/en-in\/guide\/safari\/sfri11471\/mac<\/a><\/p><p>Firefox: <a href=\"https:\/\/support.mozilla.org\/en-US\/kb\/clear-cookies-and-site-data-firefox?redirectslug=delete-cookies-remove-info-websites-stored&amp;redirectlocale=en-US\">https:\/\/support.mozilla.org\/en-US\/kb\/clear-cookies-and-site-data-firefox?redirectslug=delete-cookies-remove-info-websites-stored&amp;redirectlocale=en-US<\/a><\/p><p>Microsoft Edge: <a href=\"https:\/\/support.microsoft.com\/en-us\/microsoft-edge\/delete-cookies-in-microsoft-edge-63947406-40ac-c3b8-57b9-2a946a29ae09\"> Delete cookies in Microsoft Edge &#8211; Microsoft Support<\/a><\/p><p>If you are using any other web browser, please visit your browser\u2019s official support documents.<\/p><\/div>\t\t\t\t\t\t\t\t<\/div>\n\t\t\t\t<\/div>\n\t\t\t\t\t<\/div>\n\t\t<\/div>\n\t\t\t\t\t<\/div>\n\t\t<\/section>\n\t\t\t\t<section class=\"elementor-section elementor-top-section elementor-element elementor-element-6e65676 elementor-hidden-desktop elementor-section-boxed elementor-section-height-default elementor-section-height-default\" data-id=\"6e65676\" data-element_type=\"section\" data-settings=\"{&quot;background_background&quot;:&quot;classic&quot;}\">\n\t\t\t\t\t\t<div class=\"elementor-container elementor-column-gap-default\">\n\t\t\t\t\t<div class=\"elementor-column elementor-col-100 elementor-top-column elementor-element elementor-element-de10787\" data-id=\"de10787\" data-element_type=\"column\">\n\t\t\t<div class=\"elementor-widget-wrap elementor-element-populated\">\n\t\t\t\t\t\t<div class=\"elementor-element elementor-element-b63fa12 elementor-widget elementor-widget-text-editor\" data-id=\"b63fa12\" data-element_type=\"widget\" data-widget_type=\"text-editor.default\">\n\t\t\t\t<div class=\"elementor-widget-container\">\n\t\t\t\t\t\t\t\t\t<div class=\"cli_pg_page_contaner\"><p>Effective Date: 17-November-2025<\/p><h4>What are cookies?<\/h4><p>This Cookie Policy explains what cookies are and how we use them, the types of cookies we use i.e, the information we collect using cookies and how that information is used, and how to manage the cookie settings.<\/p><p>Cookies are small text files that are used to store small pieces of information. They are stored on your device when the website is loaded on your browser.These cookies help us make the website function properly, make it more secure, provide better user experience, and understand how the website performs and to analyze what works and where it needs improvement.<\/p><h4>How do we use cookies?<\/h4><p>As most of the online services, our website uses first-party and third-party cookies for several purposes. First-party cookies are mostly necessary for the website to function the right way, and they do not collect any of your personally identifiable data.<\/p><p>The third-party cookies used on our website are mainly for understanding how the website performs, how you interact with our website, keeping our services secure, providing advertisements that are relevant to you, and all in all providing you with a better and improved user experience and help speed up your future interactions with our website.<\/p><p>[wcc_category_list]<\/p><h4>Manage cookie preferences<\/h4><p>You can change your cookie preferences any time by clicking the [wcc_preference_button] button. This will let you revisit the cookie consent banner and change your preferences or withdraw your consent right away. In addition to this, different browsers provide different methods to block and delete cookies used by websites. You can change the settings of your browser to block\/delete the cookies. Listed below are the links to the support documents on how to manage and delete cookies from the major web browsers.<\/p><p>Chrome: <a href=\"https:\/\/support.google.com\/accounts\/answer\/32050\"> https:\/\/support.google.com\/accounts\/answer\/32050<\/a><\/p><p>Safari: <a href=\"https:\/\/support.apple.com\/en-in\/guide\/safari\/sfri11471\/mac\">https:\/\/support.apple.com\/en-in\/guide\/safari\/sfri11471\/mac<\/a><\/p><p>Firefox: <a href=\"https:\/\/support.mozilla.org\/en-US\/kb\/clear-cookies-and-site-data-firefox?redirectslug=delete-cookies-remove-info-websites-stored&amp;redirectlocale=en-US\">https:\/\/support.mozilla.org\/en-US\/kb\/clear-cookies-and-site-data-firefox?redirectslug=delete-cookies-remove-info-websites-stored&amp;redirectlocale=en-US<\/a><\/p><p>Microsoft Edge: <a href=\"https:\/\/support.microsoft.com\/en-us\/microsoft-edge\/delete-cookies-in-microsoft-edge-63947406-40ac-c3b8-57b9-2a946a29ae09\"> Delete cookies in Microsoft Edge &#8211; Microsoft Support<\/a><\/p><p>If you are using any other web browser, please visit your browser\u2019s official support documents.<\/p><\/div>\t\t\t\t\t\t\t\t<\/div>\n\t\t\t\t<\/div>\n\t\t\t\t\t<\/div>\n\t\t<\/div>\n\t\t\t\t\t<\/div>\n\t\t<\/section>\n\t\t\t\t<\/div>\n\t\t","protected":false},"excerpt":{"rendered":"<p>Effective Date: 17-November-2025 What are cookies? This Cookie Policy explains what cookies are and how we use them, the types of cookies we use i.e, the information we collect using cookies and how that information is used, and how to manage the cookie settings. Cookies are small text files that are used to store small [&hellip;]<\/p>\n","protected":false},"author":1,"featured_media":0,"parent":0,"menu_order":0,"comment_status":"closed","ping_status":"closed","template":"elementor_header_footer","meta":{"inline_featured_image":false,"site-sidebar-layout":"no-sidebar","site-content-layout":"","ast-site-content-layout":"full-width-container","site-content-style":"unboxed","site-sidebar-style":"unboxed","ast-global-header-display":"","ast-banner-title-visibility":"","ast-main-header-display":"","ast-hfb-above-header-display":"","ast-hfb-below-header-display":"","ast-hfb-mobile-header-display":"","site-post-title":"","ast-breadcrumbs-content":"","ast-featured-img":"","footer-sml-layout":"","theme-transparent-header-meta":"default","adv-header-id-meta":"","stick-header-meta":"default","header-above-stick-meta":"","header-main-stick-meta":"","header-below-stick-meta":"","astra-migrate-meta-layouts":"set","ast-page-background-enabled":"default","ast-page-background-meta":{"desktop":{"background-color":"","background-image":"","background-repeat":"repeat","background-position":"center center","background-size":"auto","background-attachment":"scroll","background-type":"","background-media":"","overlay-type":"","overlay-color":"","overlay-opacity":"","overlay-gradient":""},"tablet":{"background-color":"","background-image":"","background-repeat":"repeat","background-position":"center center","background-size":"auto","background-attachment":"scroll","background-type":"","background-media":"","overlay-type":"","overlay-color":"","overlay-opacity":"","overlay-gradient":""},"mobile":{"background-color":"","background-image":"","background-repeat":"repeat","background-position":"center center","background-size":"auto","background-attachment":"scroll","background-type":"","background-media":"","overlay-type":"","overlay-color":"","overlay-opacity":"","overlay-gradient":""}},"ast-content-background-meta":{"desktop":{"background-color":"var(--ast-global-color-5)","background-image":"","background-repeat":"repeat","background-position":"center center","background-size":"auto","background-attachment":"scroll","background-type":"","background-media":"","overlay-type":"","overlay-color":"","overlay-opacity":"","overlay-gradient":""},"tablet":{"background-color":"var(--ast-global-color-5)","background-image":"","background-repeat":"repeat","background-position":"center center","background-size":"auto","background-attachment":"scroll","background-type":"","background-media":"","overlay-type":"","overlay-color":"","overlay-opacity":"","overlay-gradient":""},"mobile":{"background-color":"var(--ast-global-color-5)","background-image":"","background-repeat":"repeat","background-position":"center center","background-size":"auto","background-attachment":"scroll","background-type":"","background-media":"","overlay-type":"","overlay-color":"","overlay-opacity":"","overlay-gradient":""}},"footnotes":""},"class_list":["post-42721","page","type-page","status-publish","hentry"],"yoast_head":"<!-- This site is optimized with the Yoast SEO plugin v26.4 - https:\/\/yoast.com\/wordpress\/plugins\/seo\/ -->\n<title>Cookie Policy | Marketing Agency<\/title>\n<meta name=\"description\" content=\"Sp\u00e9cialis\u00e9e en Marketing Digital Technique, The Swiss Peak, votre agence MarTech \u00e0 Lausanne, vous accompagne dans votre digitalisation.\" \/>\n<meta name=\"robots\" content=\"index, follow, max-snippet:-1, max-image-preview:large, max-video-preview:-1\" \/>\n<link rel=\"canonical\" href=\"https:\/\/www.theswisspeak.ch\/en\/cookie-policy\/\" \/>\n<meta property=\"og:locale\" content=\"en_US\" \/>\n<meta property=\"og:type\" content=\"article\" \/>\n<meta property=\"og:title\" content=\"Cookie Policy | Marketing Agency\" \/>\n<meta property=\"og:description\" content=\"Sp\u00e9cialis\u00e9e en Marketing Digital Technique, The Swiss Peak, votre agence MarTech \u00e0 Lausanne, vous accompagne dans votre digitalisation.\" \/>\n<meta property=\"og:url\" content=\"https:\/\/www.theswisspeak.ch\/en\/cookie-policy\/\" \/>\n<meta property=\"og:site_name\" content=\"Marketing Agency\" \/>\n<meta property=\"article:publisher\" content=\"https:\/\/www.facebook.com\/theswisspeak\" \/>\n<meta property=\"article:modified_time\" content=\"2025-11-27T13:38:58+00:00\" \/>\n<meta property=\"og:image\" content=\"https:\/\/www.theswisspeak.ch\/wp-content\/uploads\/2023\/04\/TSP-five-icone.jpg\" \/>\n\t<meta property=\"og:image:width\" content=\"500\" \/>\n\t<meta property=\"og:image:height\" content=\"500\" \/>\n\t<meta property=\"og:image:type\" content=\"image\/jpeg\" \/>\n<meta name=\"twitter:card\" content=\"summary_large_image\" \/>\n<meta name=\"twitter:label1\" content=\"Est. reading time\" \/>\n\t<meta name=\"twitter:data1\" content=\"3 minutes\" \/>\n<script type=\"application\/ld+json\" class=\"yoast-schema-graph\">{\"@context\":\"https:\/\/schema.org\",\"@graph\":[{\"@type\":\"WebPage\",\"@id\":\"https:\/\/www.theswisspeak.ch\/en\/cookie-policy\/\",\"url\":\"https:\/\/www.theswisspeak.ch\/en\/cookie-policy\/\",\"name\":\"Cookie Policy | Marketing Agency\",\"isPartOf\":{\"@id\":\"https:\/\/www.theswisspeak.ch\/en\/#website\"},\"datePublished\":\"2023-09-14T14:16:34+00:00\",\"dateModified\":\"2025-11-27T13:38:58+00:00\",\"description\":\"Sp\u00e9cialis\u00e9e en Marketing Digital Technique, The Swiss Peak, votre agence MarTech \u00e0 Lausanne, vous accompagne dans votre digitalisation.\",\"breadcrumb\":{\"@id\":\"https:\/\/www.theswisspeak.ch\/en\/cookie-policy\/#breadcrumb\"},\"inLanguage\":\"en-US\",\"potentialAction\":[{\"@type\":\"ReadAction\",\"target\":[\"https:\/\/www.theswisspeak.ch\/en\/cookie-policy\/\"]}]},{\"@type\":\"BreadcrumbList\",\"@id\":\"https:\/\/www.theswisspeak.ch\/en\/cookie-policy\/#breadcrumb\",\"itemListElement\":[{\"@type\":\"ListItem\",\"position\":1,\"name\":\"Home\",\"item\":\"https:\/\/www.theswisspeak.ch\/en\/home-v2025\/\"},{\"@type\":\"ListItem\",\"position\":2,\"name\":\"Cookie Policy\"}]},{\"@type\":\"WebSite\",\"@id\":\"https:\/\/www.theswisspeak.ch\/en\/#website\",\"url\":\"https:\/\/www.theswisspeak.ch\/en\/\",\"name\":\"The Swiss Peak | Marketing.Digital.Technique\",\"description\":\"Agence Marketing Digital Technique\",\"publisher\":{\"@id\":\"https:\/\/www.theswisspeak.ch\/en\/#organization\"},\"alternateName\":\"The Swiss Peak - Agence Marketing Digital Technique\",\"potentialAction\":[{\"@type\":\"SearchAction\",\"target\":{\"@type\":\"EntryPoint\",\"urlTemplate\":\"https:\/\/www.theswisspeak.ch\/en\/?s={search_term_string}\"},\"query-input\":{\"@type\":\"PropertyValueSpecification\",\"valueRequired\":true,\"valueName\":\"search_term_string\"}}],\"inLanguage\":\"en-US\"},{\"@type\":\"Organization\",\"@id\":\"https:\/\/www.theswisspeak.ch\/en\/#organization\",\"name\":\"The Swiss Peak - Agence Marketing Digital Technique\",\"alternateName\":\"The Swiss Peak - Agence Marketing Digital Technique\",\"url\":\"https:\/\/www.theswisspeak.ch\/en\/\",\"logo\":{\"@type\":\"ImageObject\",\"inLanguage\":\"en-US\",\"@id\":\"https:\/\/www.theswisspeak.ch\/en\/#\/schema\/logo\/image\/\",\"url\":\"https:\/\/www.theswisspeak.ch\/wp-content\/uploads\/2023\/03\/TSW_CARRE_picto_Blanc-1.png\",\"contentUrl\":\"https:\/\/www.theswisspeak.ch\/wp-content\/uploads\/2023\/03\/TSW_CARRE_picto_Blanc-1.png\",\"width\":600,\"height\":385,\"caption\":\"The Swiss Peak - Agence Marketing Digital Technique\"},\"image\":{\"@id\":\"https:\/\/www.theswisspeak.ch\/en\/#\/schema\/logo\/image\/\"},\"sameAs\":[\"https:\/\/www.facebook.com\/theswisspeak\",\"https:\/\/www.linkedin.com\/company\/the-swiss-peak-sarl\/\"]}]}<\/script>\n<!-- \/ Yoast SEO plugin. -->","yoast_head_json":{"title":"Cookie Policy | Marketing Agency","description":"Sp\u00e9cialis\u00e9e en Marketing Digital Technique, The Swiss Peak, votre agence MarTech \u00e0 Lausanne, vous accompagne dans votre digitalisation.","robots":{"index":"index","follow":"follow","max-snippet":"max-snippet:-1","max-image-preview":"max-image-preview:large","max-video-preview":"max-video-preview:-1"},"canonical":"https:\/\/www.theswisspeak.ch\/en\/cookie-policy\/","og_locale":"en_US","og_type":"article","og_title":"Cookie Policy | Marketing Agency","og_description":"Sp\u00e9cialis\u00e9e en Marketing Digital Technique, The Swiss Peak, votre agence MarTech \u00e0 Lausanne, vous accompagne dans votre digitalisation.","og_url":"https:\/\/www.theswisspeak.ch\/en\/cookie-policy\/","og_site_name":"Marketing Agency","article_publisher":"https:\/\/www.facebook.com\/theswisspeak","article_modified_time":"2025-11-27T13:38:58+00:00","og_image":[{"width":500,"height":500,"url":"https:\/\/www.theswisspeak.ch\/wp-content\/uploads\/2023\/04\/TSP-five-icone.jpg","type":"image\/jpeg"}],"twitter_card":"summary_large_image","twitter_misc":{"Est. reading time":"3 minutes"},"schema":{"@context":"https:\/\/schema.org","@graph":[{"@type":"WebPage","@id":"https:\/\/www.theswisspeak.ch\/en\/cookie-policy\/","url":"https:\/\/www.theswisspeak.ch\/en\/cookie-policy\/","name":"Cookie Policy | Marketing Agency","isPartOf":{"@id":"https:\/\/www.theswisspeak.ch\/en\/#website"},"datePublished":"2023-09-14T14:16:34+00:00","dateModified":"2025-11-27T13:38:58+00:00","description":"Sp\u00e9cialis\u00e9e en Marketing Digital Technique, The Swiss Peak, votre agence MarTech \u00e0 Lausanne, vous accompagne dans votre digitalisation.","breadcrumb":{"@id":"https:\/\/www.theswisspeak.ch\/en\/cookie-policy\/#breadcrumb"},"inLanguage":"en-US","potentialAction":[{"@type":"ReadAction","target":["https:\/\/www.theswisspeak.ch\/en\/cookie-policy\/"]}]},{"@type":"BreadcrumbList","@id":"https:\/\/www.theswisspeak.ch\/en\/cookie-policy\/#breadcrumb","itemListElement":[{"@type":"ListItem","position":1,"name":"Home","item":"https:\/\/www.theswisspeak.ch\/en\/home-v2025\/"},{"@type":"ListItem","position":2,"name":"Cookie Policy"}]},{"@type":"WebSite","@id":"https:\/\/www.theswisspeak.ch\/en\/#website","url":"https:\/\/www.theswisspeak.ch\/en\/","name":"The Swiss Peak | Marketing.Digital.Technique","description":"Agence Marketing Digital Technique","publisher":{"@id":"https:\/\/www.theswisspeak.ch\/en\/#organization"},"alternateName":"The Swiss Peak - Agence Marketing Digital Technique","potentialAction":[{"@type":"SearchAction","target":{"@type":"EntryPoint","urlTemplate":"https:\/\/www.theswisspeak.ch\/en\/?s={search_term_string}"},"query-input":{"@type":"PropertyValueSpecification","valueRequired":true,"valueName":"search_term_string"}}],"inLanguage":"en-US"},{"@type":"Organization","@id":"https:\/\/www.theswisspeak.ch\/en\/#organization","name":"The Swiss Peak - Agence Marketing Digital Technique","alternateName":"The Swiss Peak - Agence Marketing Digital Technique","url":"https:\/\/www.theswisspeak.ch\/en\/","logo":{"@type":"ImageObject","inLanguage":"en-US","@id":"https:\/\/www.theswisspeak.ch\/en\/#\/schema\/logo\/image\/","url":"https:\/\/www.theswisspeak.ch\/wp-content\/uploads\/2023\/03\/TSW_CARRE_picto_Blanc-1.png","contentUrl":"https:\/\/www.theswisspeak.ch\/wp-content\/uploads\/2023\/03\/TSW_CARRE_picto_Blanc-1.png","width":600,"height":385,"caption":"The Swiss Peak - Agence Marketing Digital Technique"},"image":{"@id":"https:\/\/www.theswisspeak.ch\/en\/#\/schema\/logo\/image\/"},"sameAs":["https:\/\/www.facebook.com\/theswisspeak","https:\/\/www.linkedin.com\/company\/the-swiss-peak-sarl\/"]}]}},"_links":{"self":[{"href":"https:\/\/www.theswisspeak.ch\/en\/wp-json\/wp\/v2\/pages\/42721","targetHints":{"allow":["GET"]}}],"collection":[{"href":"https:\/\/www.theswisspeak.ch\/en\/wp-json\/wp\/v2\/pages"}],"about":[{"href":"https:\/\/www.theswisspeak.ch\/en\/wp-json\/wp\/v2\/types\/page"}],"author":[{"embeddable":true,"href":"https:\/\/www.theswisspeak.ch\/en\/wp-json\/wp\/v2\/users\/1"}],"replies":[{"embeddable":true,"href":"https:\/\/www.theswisspeak.ch\/en\/wp-json\/wp\/v2\/comments?post=42721"}],"version-history":[{"count":0,"href":"https:\/\/www.theswisspeak.ch\/en\/wp-json\/wp\/v2\/pages\/42721\/revisions"}],"wp:attachment":[{"href":"https:\/\/www.theswisspeak.ch\/en\/wp-json\/wp\/v2\/media?parent=42721"}],"curies":[{"name":"wp","href":"https:\/\/api.w.org\/{rel}","templated":true}]}}