{"id":44145,"date":"2024-05-28T09:03:33","date_gmt":"2024-05-28T07:03:33","guid":{"rendered":"https:\/\/www.theswisspeak.ch\/?page_id=44145"},"modified":"2025-11-27T14:46:43","modified_gmt":"2025-11-27T13:46:43","slug":"the-importance-of-enriching-your-contacts-personal-information","status":"publish","type":"page","link":"https:\/\/www.theswisspeak.ch\/en\/case-studies\/the-importance-of-enriching-your-contacts-personal-information\/","title":{"rendered":"The importance of enriching your contacts&#8217; personal information"},"content":{"rendered":"\t\t<div data-elementor-type=\"wp-page\" data-elementor-id=\"44145\" class=\"elementor elementor-44145 elementor-44144\" data-elementor-settings=\"{&quot;element_pack_global_tooltip_width&quot;:{&quot;unit&quot;:&quot;px&quot;,&quot;size&quot;:&quot;&quot;,&quot;sizes&quot;:[]},&quot;element_pack_global_tooltip_width_tablet&quot;:{&quot;unit&quot;:&quot;px&quot;,&quot;size&quot;:&quot;&quot;,&quot;sizes&quot;:[]},&quot;element_pack_global_tooltip_width_mobile&quot;:{&quot;unit&quot;:&quot;px&quot;,&quot;size&quot;:&quot;&quot;,&quot;sizes&quot;:[]},&quot;element_pack_global_tooltip_padding&quot;:{&quot;unit&quot;:&quot;px&quot;,&quot;top&quot;:&quot;&quot;,&quot;right&quot;:&quot;&quot;,&quot;bottom&quot;:&quot;&quot;,&quot;left&quot;:&quot;&quot;,&quot;isLinked&quot;:true},&quot;element_pack_global_tooltip_padding_tablet&quot;:{&quot;unit&quot;:&quot;px&quot;,&quot;top&quot;:&quot;&quot;,&quot;right&quot;:&quot;&quot;,&quot;bottom&quot;:&quot;&quot;,&quot;left&quot;:&quot;&quot;,&quot;isLinked&quot;:true},&quot;element_pack_global_tooltip_padding_mobile&quot;:{&quot;unit&quot;:&quot;px&quot;,&quot;top&quot;:&quot;&quot;,&quot;right&quot;:&quot;&quot;,&quot;bottom&quot;:&quot;&quot;,&quot;left&quot;:&quot;&quot;,&quot;isLinked&quot;:true},&quot;element_pack_global_tooltip_border_radius&quot;:{&quot;unit&quot;:&quot;px&quot;,&quot;top&quot;:&quot;&quot;,&quot;right&quot;:&quot;&quot;,&quot;bottom&quot;:&quot;&quot;,&quot;left&quot;:&quot;&quot;,&quot;isLinked&quot;:true},&quot;element_pack_global_tooltip_border_radius_tablet&quot;:{&quot;unit&quot;:&quot;px&quot;,&quot;top&quot;:&quot;&quot;,&quot;right&quot;:&quot;&quot;,&quot;bottom&quot;:&quot;&quot;,&quot;left&quot;:&quot;&quot;,&quot;isLinked&quot;:true},&quot;element_pack_global_tooltip_border_radius_mobile&quot;:{&quot;unit&quot;:&quot;px&quot;,&quot;top&quot;:&quot;&quot;,&quot;right&quot;:&quot;&quot;,&quot;bottom&quot;:&quot;&quot;,&quot;left&quot;:&quot;&quot;,&quot;isLinked&quot;:true}}\" data-elementor-post-type=\"page\">\n\t\t\t\t\t\t<section class=\"elementor-section elementor-top-section elementor-element elementor-element-91b4d81 elementor-section-height-full elementor-section-boxed elementor-section-height-default elementor-section-items-middle\" data-id=\"91b4d81\" data-element_type=\"section\" data-e-type=\"section\">\n\t\t\t\t\t\t\t<div class=\"elementor-background-overlay\"><\/div>\n\t\t\t\t\t\t\t<div class=\"elementor-container elementor-column-gap-no\">\n\t\t\t\t\t<div class=\"elementor-column elementor-col-50 elementor-top-column elementor-element elementor-element-afd6fa2\" data-id=\"afd6fa2\" data-element_type=\"column\" data-e-type=\"column\">\n\t\t\t<div class=\"elementor-widget-wrap elementor-element-populated\">\n\t\t\t\t\t\t<div class=\"elementor-element elementor-element-ab636a9 elementor-widget elementor-widget-heading\" data-id=\"ab636a9\" data-element_type=\"widget\" data-e-type=\"widget\" data-widget_type=\"heading.default\">\n\t\t\t\t<div class=\"elementor-widget-container\">\n\t\t\t\t\t<h1 class=\"elementor-heading-title elementor-size-default\">If you are looking to learn how a <mark>marketing automation scenario<\/mark> for \ndata enrichment can be beneficial, this case study is for you!<\/h1>\t\t\t\t<\/div>\n\t\t\t\t<\/div>\n\t\t\t\t<div class=\"elementor-element elementor-element-4651d28 elementor-widget elementor-widget-heading\" data-id=\"4651d28\" data-element_type=\"widget\" data-e-type=\"widget\" data-widget_type=\"heading.default\">\n\t\t\t\t<div class=\"elementor-widget-container\">\n\t\t\t\t\t<h2 class=\"elementor-heading-title elementor-size-default\"><mark>C<\/mark>hallenges and Specific <mark>N<\/mark>eeds<\/h2>\t\t\t\t<\/div>\n\t\t\t\t<\/div>\n\t\t\t\t<div class=\"elementor-element elementor-element-61a3e12 elementor-widget elementor-widget-text-editor\" data-id=\"61a3e12\" data-element_type=\"widget\" data-e-type=\"widget\" data-widget_type=\"text-editor.default\">\n\t\t\t\t<div class=\"elementor-widget-container\">\n\t\t\t\t\t\t\t\t\t<p>Although we had a substantial database, our client needed more in-depth segmentation and other key data to enrich the customer experience and optimize marketing campaigns. It was important to find a non-intrusive and effective method to encourage participants to voluntarily share this additional information, without compromising their user experience.<\/p>\n\t\t\t\t\t\t\t\t<\/div>\n\t\t\t\t<\/div>\n\t\t\t\t<div class=\"elementor-element elementor-element-3860327 elementor-widget elementor-widget-heading\" data-id=\"3860327\" data-element_type=\"widget\" data-e-type=\"widget\" data-widget_type=\"heading.default\">\n\t\t\t\t<div class=\"elementor-widget-container\">\n\t\t\t\t\t<h2 class=\"elementor-heading-title elementor-size-default\"><mark>K<\/mark>ey figure: <mark>P<\/mark>rofile completion rate <mark>+ 31%<\/mark><\/h2>\t\t\t\t<\/div>\n\t\t\t\t<\/div>\n\t\t\t\t<div data-ep-wrapper-link=\"{&quot;url&quot;:&quot;\\\/etudes-de-cas\\\/&quot;,&quot;is_external&quot;:&quot;&quot;,&quot;nofollow&quot;:&quot;&quot;,&quot;custom_attributes&quot;:&quot;&quot;}\" style=\"cursor: pointer\" class=\"bdt-element-link elementor-element elementor-element-ceb1e3b elementor-align-left elementor-widget elementor-widget-bdt-scroll-button\" data-id=\"ceb1e3b\" data-element_type=\"widget\" data-e-type=\"widget\" data-widget_type=\"bdt-scroll-button.default\">\n\t\t\t\t<div class=\"elementor-widget-container\">\n\t\t\t\t\t\t\t<div class=\"bdt-scroll-button-wrapper\">\n\t\t\t<button class=\"bdt-scroll-button bdt-button bdt-button-primary\" data-settings=\"[]\" data-selector=\"#\">\n\t\t\t\t\t\t<span class=\"bdt-scroll-button-content-wrapper\">\n\t\t\t\t\t\t<span class=\"bdt-scroll-button-align-icon-left\">\n\n\t\t\t\t<i aria-hidden=\"true\" class=\"fa-fw fas fa-angle-left\"><\/i>\n\t\t\t<\/span>\n\t\t\t\t\t\t<span class=\"bdt-scroll-button-text\">Back <\/span>\n\t\t<\/span>\n\t\t\t\t\t<\/button>\n\t\t<\/div>\n\n\t\t\t\t\t\t<\/div>\n\t\t\t\t<\/div>\n\t\t\t\t\t<\/div>\n\t\t<\/div>\n\t\t\t\t<div class=\"elementor-column elementor-col-50 elementor-top-column elementor-element elementor-element-4c72700\" data-id=\"4c72700\" data-element_type=\"column\" data-e-type=\"column\">\n\t\t\t<div class=\"elementor-widget-wrap elementor-element-populated\">\n\t\t\t\t\t\t<div class=\"elementor-element elementor-element-5d56911 elementor-widget elementor-widget-html\" data-id=\"5d56911\" data-element_type=\"widget\" data-e-type=\"widget\" data-widget_type=\"html.default\">\n\t\t\t\t<div class=\"elementor-widget-container\">\n\t\t\t\t\t<iframe width=\"540\" height=\"795\" src=\"https:\/\/e0cd07ff.sibforms.com\/serve\/MUIFAB9uGuYE4Otcx_CNSD5rSiuKT5nQBMLYYPo2i45Iy2ovwYacv4E-2EosWljUktbtEiBECbVd9khRUmKGzgiEgC321dG5EePL8FtYxpMyjPS9eRHmzr7ubtW_g-yN7jSX8vo3y7Ucd8OaMwGUMCRrJdk72-BZrqB7BBBzYq54c5MEBn2qAA_oAM7fQELvib7rZ0z0haQhaOIH\" frameborder=\"0\" scrolling=\"auto\" allowfullscreen=\"\" style=\"display: block;margin-left: auto;margin-right: auto;max-width: 100%;\"><\/iframe>\t\t\t\t<\/div>\n\t\t\t\t<\/div>\n\t\t\t\t\t<\/div>\n\t\t<\/div>\n\t\t\t\t\t<\/div>\n\t\t<\/section>\n\t\t\t\t<\/div>\n\t\t","protected":false},"excerpt":{"rendered":"<p>If you are looking to learn how a marketing automation scenario for data enrichment can be beneficial, this case study is for you! Challenges and Specific Needs Although we had a substantial database, our client needed more in-depth segmentation and other key data to enrich the customer experience and optimize marketing campaigns. It was important [&hellip;]<\/p>\n","protected":false},"author":3,"featured_media":0,"parent":42606,"menu_order":0,"comment_status":"closed","ping_status":"closed","template":"","meta":{"inline_featured_image":false,"site-sidebar-layout":"no-sidebar","site-content-layout":"page-builder","ast-site-content-layout":"default","site-content-style":"default","site-sidebar-style":"default","ast-global-header-display":"","ast-banner-title-visibility":"","ast-main-header-display":"","ast-hfb-above-header-display":"","ast-hfb-below-header-display":"","ast-hfb-mobile-header-display":"","site-post-title":"disabled","ast-breadcrumbs-content":"disabled","ast-featured-img":"disabled","footer-sml-layout":"","ast-disable-related-posts":"","theme-transparent-header-meta":"enabled","adv-header-id-meta":"","stick-header-meta":"","header-above-stick-meta":"","header-main-stick-meta":"","header-below-stick-meta":"","astra-migrate-meta-layouts":"default","ast-page-background-enabled":"default","ast-page-background-meta":{"desktop":{"background-color":"","background-image":"","background-repeat":"repeat","background-position":"center center","background-size":"auto","background-attachment":"scroll","background-type":"","background-media":"","overlay-type":"","overlay-color":"","overlay-opacity":"","overlay-gradient":""},"tablet":{"background-color":"","background-image":"","background-repeat":"repeat","background-position":"center center","background-size":"auto","background-attachment":"scroll","background-type":"","background-media":"","overlay-type":"","overlay-color":"","overlay-opacity":"","overlay-gradient":""},"mobile":{"background-color":"","background-image":"","background-repeat":"repeat","background-position":"center center","background-size":"auto","background-attachment":"scroll","background-type":"","background-media":"","overlay-type":"","overlay-color":"","overlay-opacity":"","overlay-gradient":""}},"ast-content-background-meta":{"desktop":{"background-color":"var(--ast-global-color-5)","background-image":"","background-repeat":"repeat","background-position":"center center","background-size":"auto","background-attachment":"scroll","background-type":"","background-media":"","overlay-type":"","overlay-color":"","overlay-opacity":"","overlay-gradient":""},"tablet":{"background-color":"var(--ast-global-color-5)","background-image":"","background-repeat":"repeat","background-position":"center center","background-size":"auto","background-attachment":"scroll","background-type":"","background-media":"","overlay-type":"","overlay-color":"","overlay-opacity":"","overlay-gradient":""},"mobile":{"background-color":"var(--ast-global-color-5)","background-image":"","background-repeat":"repeat","background-position":"center center","background-size":"auto","background-attachment":"scroll","background-type":"","background-media":"","overlay-type":"","overlay-color":"","overlay-opacity":"","overlay-gradient":""}},"footnotes":""},"class_list":["post-44145","page","type-page","status-publish","hentry"],"yoast_head":"<!-- This site is optimized with the Yoast SEO plugin v27.5 - https:\/\/yoast.com\/product\/yoast-seo-wordpress\/ -->\n<title>The importance of enriching your contacts&#039; personal information | Marketing Agency<\/title>\n<meta name=\"description\" content=\"Sp\u00e9cialis\u00e9e en Marketing Digital Technique, The Swiss Peak, votre agence MarTech \u00e0 Lausanne, vous accompagne dans votre digitalisation.\" \/>\n<meta name=\"robots\" content=\"index, follow, max-snippet:-1, max-image-preview:large, max-video-preview:-1\" \/>\n<link rel=\"canonical\" href=\"https:\/\/www.theswisspeak.ch\/en\/case-studies\/the-importance-of-enriching-your-contacts-personal-information\/\" \/>\n<meta property=\"og:locale\" content=\"en_US\" \/>\n<meta property=\"og:type\" content=\"article\" \/>\n<meta property=\"og:title\" content=\"The importance of enriching your contacts&#039; personal information | Marketing Agency\" \/>\n<meta property=\"og:description\" content=\"Sp\u00e9cialis\u00e9e en Marketing Digital Technique, The Swiss Peak, votre agence MarTech \u00e0 Lausanne, vous accompagne dans votre digitalisation.\" \/>\n<meta property=\"og:url\" content=\"https:\/\/www.theswisspeak.ch\/en\/case-studies\/the-importance-of-enriching-your-contacts-personal-information\/\" \/>\n<meta property=\"og:site_name\" content=\"Marketing Agency\" \/>\n<meta property=\"article:publisher\" content=\"https:\/\/www.facebook.com\/theswisspeak\" \/>\n<meta property=\"article:modified_time\" content=\"2025-11-27T13:46:43+00:00\" \/>\n<meta property=\"og:image\" content=\"https:\/\/www.theswisspeak.ch\/wp-content\/uploads\/2023\/04\/TSP-five-icone.jpg\" \/>\n\t<meta property=\"og:image:width\" content=\"500\" \/>\n\t<meta property=\"og:image:height\" content=\"500\" \/>\n\t<meta property=\"og:image:type\" content=\"image\/jpeg\" \/>\n<meta name=\"twitter:card\" content=\"summary_large_image\" \/>\n<script type=\"application\/ld+json\" class=\"yoast-schema-graph\">{\"@context\":\"https:\\\/\\\/schema.org\",\"@graph\":[{\"@type\":\"WebPage\",\"@id\":\"https:\\\/\\\/www.theswisspeak.ch\\\/en\\\/case-studies\\\/the-importance-of-enriching-your-contacts-personal-information\\\/\",\"url\":\"https:\\\/\\\/www.theswisspeak.ch\\\/en\\\/case-studies\\\/the-importance-of-enriching-your-contacts-personal-information\\\/\",\"name\":\"The importance of enriching your contacts' personal information | Marketing Agency\",\"isPartOf\":{\"@id\":\"https:\\\/\\\/www.theswisspeak.ch\\\/en\\\/#website\"},\"datePublished\":\"2024-05-28T07:03:33+00:00\",\"dateModified\":\"2025-11-27T13:46:43+00:00\",\"description\":\"Sp\u00e9cialis\u00e9e en Marketing Digital Technique, The Swiss Peak, votre agence MarTech \u00e0 Lausanne, vous accompagne dans votre digitalisation.\",\"breadcrumb\":{\"@id\":\"https:\\\/\\\/www.theswisspeak.ch\\\/en\\\/case-studies\\\/the-importance-of-enriching-your-contacts-personal-information\\\/#breadcrumb\"},\"inLanguage\":\"en-US\",\"potentialAction\":[{\"@type\":\"ReadAction\",\"target\":[\"https:\\\/\\\/www.theswisspeak.ch\\\/en\\\/case-studies\\\/the-importance-of-enriching-your-contacts-personal-information\\\/\"]}]},{\"@type\":\"BreadcrumbList\",\"@id\":\"https:\\\/\\\/www.theswisspeak.ch\\\/en\\\/case-studies\\\/the-importance-of-enriching-your-contacts-personal-information\\\/#breadcrumb\",\"itemListElement\":[{\"@type\":\"ListItem\",\"position\":1,\"name\":\"Home\",\"item\":\"https:\\\/\\\/www.theswisspeak.ch\\\/en\\\/home-v2025\\\/\"},{\"@type\":\"ListItem\",\"position\":2,\"name\":\"Case Studies\",\"item\":\"https:\\\/\\\/www.theswisspeak.ch\\\/en\\\/case-studies\\\/\"},{\"@type\":\"ListItem\",\"position\":3,\"name\":\"The importance of enriching your contacts&#8217; personal information\"}]},{\"@type\":\"WebSite\",\"@id\":\"https:\\\/\\\/www.theswisspeak.ch\\\/en\\\/#website\",\"url\":\"https:\\\/\\\/www.theswisspeak.ch\\\/en\\\/\",\"name\":\"The Swiss Peak | Marketing.Digital.Technique\",\"description\":\"Agence Marketing Digital Technique\",\"publisher\":{\"@id\":\"https:\\\/\\\/www.theswisspeak.ch\\\/en\\\/#organization\"},\"alternateName\":\"The Swiss Peak - Agence Marketing Digital Technique\",\"potentialAction\":[{\"@type\":\"SearchAction\",\"target\":{\"@type\":\"EntryPoint\",\"urlTemplate\":\"https:\\\/\\\/www.theswisspeak.ch\\\/en\\\/?s={search_term_string}\"},\"query-input\":{\"@type\":\"PropertyValueSpecification\",\"valueRequired\":true,\"valueName\":\"search_term_string\"}}],\"inLanguage\":\"en-US\"},{\"@type\":\"Organization\",\"@id\":\"https:\\\/\\\/www.theswisspeak.ch\\\/en\\\/#organization\",\"name\":\"The Swiss Peak - Agence Marketing Digital Technique\",\"alternateName\":\"The Swiss Peak - Agence Marketing Digital Technique\",\"url\":\"https:\\\/\\\/www.theswisspeak.ch\\\/en\\\/\",\"logo\":{\"@type\":\"ImageObject\",\"inLanguage\":\"en-US\",\"@id\":\"https:\\\/\\\/www.theswisspeak.ch\\\/en\\\/#\\\/schema\\\/logo\\\/image\\\/\",\"url\":\"https:\\\/\\\/www.theswisspeak.ch\\\/wp-content\\\/uploads\\\/2023\\\/03\\\/TSW_CARRE_picto_Blanc-1.png\",\"contentUrl\":\"https:\\\/\\\/www.theswisspeak.ch\\\/wp-content\\\/uploads\\\/2023\\\/03\\\/TSW_CARRE_picto_Blanc-1.png\",\"width\":600,\"height\":385,\"caption\":\"The Swiss Peak - Agence Marketing Digital Technique\"},\"image\":{\"@id\":\"https:\\\/\\\/www.theswisspeak.ch\\\/en\\\/#\\\/schema\\\/logo\\\/image\\\/\"},\"sameAs\":[\"https:\\\/\\\/www.facebook.com\\\/theswisspeak\",\"https:\\\/\\\/www.linkedin.com\\\/company\\\/the-swiss-peak-sarl\\\/\"]}]}<\/script>\n<!-- \/ Yoast SEO plugin. -->","yoast_head_json":{"title":"The importance of enriching your contacts' personal information | Marketing Agency","description":"Sp\u00e9cialis\u00e9e en Marketing Digital Technique, The Swiss Peak, votre agence MarTech \u00e0 Lausanne, vous accompagne dans votre digitalisation.","robots":{"index":"index","follow":"follow","max-snippet":"max-snippet:-1","max-image-preview":"max-image-preview:large","max-video-preview":"max-video-preview:-1"},"canonical":"https:\/\/www.theswisspeak.ch\/en\/case-studies\/the-importance-of-enriching-your-contacts-personal-information\/","og_locale":"en_US","og_type":"article","og_title":"The importance of enriching your contacts' personal information | Marketing Agency","og_description":"Sp\u00e9cialis\u00e9e en Marketing Digital Technique, The Swiss Peak, votre agence MarTech \u00e0 Lausanne, vous accompagne dans votre digitalisation.","og_url":"https:\/\/www.theswisspeak.ch\/en\/case-studies\/the-importance-of-enriching-your-contacts-personal-information\/","og_site_name":"Marketing Agency","article_publisher":"https:\/\/www.facebook.com\/theswisspeak","article_modified_time":"2025-11-27T13:46:43+00:00","og_image":[{"width":500,"height":500,"url":"https:\/\/www.theswisspeak.ch\/wp-content\/uploads\/2023\/04\/TSP-five-icone.jpg","type":"image\/jpeg"}],"twitter_card":"summary_large_image","schema":{"@context":"https:\/\/schema.org","@graph":[{"@type":"WebPage","@id":"https:\/\/www.theswisspeak.ch\/en\/case-studies\/the-importance-of-enriching-your-contacts-personal-information\/","url":"https:\/\/www.theswisspeak.ch\/en\/case-studies\/the-importance-of-enriching-your-contacts-personal-information\/","name":"The importance of enriching your contacts' personal information | Marketing Agency","isPartOf":{"@id":"https:\/\/www.theswisspeak.ch\/en\/#website"},"datePublished":"2024-05-28T07:03:33+00:00","dateModified":"2025-11-27T13:46:43+00:00","description":"Sp\u00e9cialis\u00e9e en Marketing Digital Technique, The Swiss Peak, votre agence MarTech \u00e0 Lausanne, vous accompagne dans votre digitalisation.","breadcrumb":{"@id":"https:\/\/www.theswisspeak.ch\/en\/case-studies\/the-importance-of-enriching-your-contacts-personal-information\/#breadcrumb"},"inLanguage":"en-US","potentialAction":[{"@type":"ReadAction","target":["https:\/\/www.theswisspeak.ch\/en\/case-studies\/the-importance-of-enriching-your-contacts-personal-information\/"]}]},{"@type":"BreadcrumbList","@id":"https:\/\/www.theswisspeak.ch\/en\/case-studies\/the-importance-of-enriching-your-contacts-personal-information\/#breadcrumb","itemListElement":[{"@type":"ListItem","position":1,"name":"Home","item":"https:\/\/www.theswisspeak.ch\/en\/home-v2025\/"},{"@type":"ListItem","position":2,"name":"Case Studies","item":"https:\/\/www.theswisspeak.ch\/en\/case-studies\/"},{"@type":"ListItem","position":3,"name":"The importance of enriching your contacts&#8217; personal information"}]},{"@type":"WebSite","@id":"https:\/\/www.theswisspeak.ch\/en\/#website","url":"https:\/\/www.theswisspeak.ch\/en\/","name":"The Swiss Peak | Marketing.Digital.Technique","description":"Agence Marketing Digital Technique","publisher":{"@id":"https:\/\/www.theswisspeak.ch\/en\/#organization"},"alternateName":"The Swiss Peak - Agence Marketing Digital Technique","potentialAction":[{"@type":"SearchAction","target":{"@type":"EntryPoint","urlTemplate":"https:\/\/www.theswisspeak.ch\/en\/?s={search_term_string}"},"query-input":{"@type":"PropertyValueSpecification","valueRequired":true,"valueName":"search_term_string"}}],"inLanguage":"en-US"},{"@type":"Organization","@id":"https:\/\/www.theswisspeak.ch\/en\/#organization","name":"The Swiss Peak - Agence Marketing Digital Technique","alternateName":"The Swiss Peak - Agence Marketing Digital Technique","url":"https:\/\/www.theswisspeak.ch\/en\/","logo":{"@type":"ImageObject","inLanguage":"en-US","@id":"https:\/\/www.theswisspeak.ch\/en\/#\/schema\/logo\/image\/","url":"https:\/\/www.theswisspeak.ch\/wp-content\/uploads\/2023\/03\/TSW_CARRE_picto_Blanc-1.png","contentUrl":"https:\/\/www.theswisspeak.ch\/wp-content\/uploads\/2023\/03\/TSW_CARRE_picto_Blanc-1.png","width":600,"height":385,"caption":"The Swiss Peak - Agence Marketing Digital Technique"},"image":{"@id":"https:\/\/www.theswisspeak.ch\/en\/#\/schema\/logo\/image\/"},"sameAs":["https:\/\/www.facebook.com\/theswisspeak","https:\/\/www.linkedin.com\/company\/the-swiss-peak-sarl\/"]}]}},"_links":{"self":[{"href":"https:\/\/www.theswisspeak.ch\/en\/wp-json\/wp\/v2\/pages\/44145","targetHints":{"allow":["GET"]}}],"collection":[{"href":"https:\/\/www.theswisspeak.ch\/en\/wp-json\/wp\/v2\/pages"}],"about":[{"href":"https:\/\/www.theswisspeak.ch\/en\/wp-json\/wp\/v2\/types\/page"}],"author":[{"embeddable":true,"href":"https:\/\/www.theswisspeak.ch\/en\/wp-json\/wp\/v2\/users\/3"}],"replies":[{"embeddable":true,"href":"https:\/\/www.theswisspeak.ch\/en\/wp-json\/wp\/v2\/comments?post=44145"}],"version-history":[{"count":0,"href":"https:\/\/www.theswisspeak.ch\/en\/wp-json\/wp\/v2\/pages\/44145\/revisions"}],"up":[{"embeddable":true,"href":"https:\/\/www.theswisspeak.ch\/en\/wp-json\/wp\/v2\/pages\/42606"}],"wp:attachment":[{"href":"https:\/\/www.theswisspeak.ch\/en\/wp-json\/wp\/v2\/media?parent=44145"}],"curies":[{"name":"wp","href":"https:\/\/api.w.org\/{rel}","templated":true}]}}